{"id":480,"date":"2023-05-25T10:57:12","date_gmt":"2023-05-25T08:57:12","guid":{"rendered":"https:\/\/handchirurgiemain.ch\/?page_id=480"},"modified":"2023-12-07T10:19:12","modified_gmt":"2023-12-07T09:19:12","slug":"protection-des-donnees","status":"publish","type":"page","link":"https:\/\/handchirurgiemain.ch\/fr\/protection-des-donnees\/","title":{"rendered":"Protection des donn\u00e9es"},"content":{"rendered":"<section class=\"l-section wpb_row height_medium\"><div class=\"l-section-h i-cf\"><div class=\"g-cols vc_row via_grid cols_1 laptops-cols_inherit tablets-cols_inherit mobiles-cols_1 valign_top type_default stacking_default\"><div class=\"wpb_column vc_column_container\"><div class=\"vc_column-inner\"><div class=\"wpb_text_column\"><div class=\"wpb_wrapper\"><h1>Datenschutz<\/h1>\n<p>Hand Chirurgie de la Main ist Betreiberin der Website www.hand-chirurgie-main.ch und somit verantwortlich f\u00fcr die Erhebung, Verarbeitung und Nutzung Ihrer pers\u00f6nlichen Daten und die Vereinbarkeit der Datenbearbeitung mit dem geltenden Recht.<\/p>\n<p>Ihr Vertrauen ist uns wichtig. Wir nehmen das Thema Datenschutz ernst und achten auf entsprechende Sicherheit. Selbstverst\u00e4ndlich beachten wir die gesetzlichen Bestimmungen des Bundesgesetzes \u00fcber den Datenschutz (DSG), der Verordnung zum Bundesgesetz \u00fcber den Datenschutz (VDSG), des Fernmeldegesetztes (FMG) und, soweit anwendbar, andere datenschutzrechtliche Bestimmungen, insbesondere die Datenschutzgrundverordnung der Europ\u00e4ischen Union (DSGVO).<\/p>\n<p>Damit Sie wissen, welche personenbezogenen Daten wir von Ihnen erheben und f\u00fcr welche Zwecke wir sie verwenden, nehmen Sie bitte die nachstehenden Informationen zur Kenntnis.<\/p>\n<h2>Grunds\u00e4tze der Datenverarbeitung auf www.hand-chirurgie-main.ch<\/h2>\n<p>Die auf der Website www.hand-chirurgie-main.ch erhobenen personenbezogenen Daten<\/p>\n<ol>\n<li>werden auf rechtm\u00e4ssige Weise, nach Treu und Glauben und in einer f\u00fcr die betroffene Person nachvollziehbaren Weise verarbeitet.<\/li>\n<li>werden einzig f\u00fcr die Durchf\u00fchrung und Abwicklung der auf der Website angebotenen Dienstleistungen und Angebote verwendet und werden unter keinen Umst\u00e4nden in f\u00fcr mit diesem Zweck nicht zu vereinbarende Weise weiterverarbeitet.<\/li>\n<li>welche im Hinblick auf die Zwecke ihrer Verarbeitung unrichtig sind, werden unverz\u00fcglich gel\u00f6scht oder berichtigt.<\/li>\n<li>werden nur so lange gespeichert, wie es f\u00fcr die Zwecke, f\u00fcr die sie verarbeitet werden, erforderlich ist.<\/li>\n<li>werden auf eine Weise verarbeitet, die eine angemessene Sicherheit gew\u00e4hrleistet, einschliesslich Schutz vor unbefugter oder unrechtm\u00e4ssiger Verarbeitung und vor unabsichtlichem Verlust, unbeabsichtigte Zerst\u00f6rung oder unbeabsichtigte Sch\u00e4digung.<\/li>\n<\/ol>\n<h2>Rechtm\u00e4ssigkeit der Datenverarbeitung<\/h2>\n<p>Mit der Nutzung dieser Website gibt der Nutzer seine Einwilligung zur Verarbeitung der ihn betreffenden personenbezogenen Daten geben.<\/p>\n<p>Die Angebote auf www.hand-chirurgie-main.ch richten sich ausschliesslich an Unternehmen und an Personen \u00fcber 16 Jahre. Erkannte personenbezogene Daten von Kindern unter 16 Jahren werden umgehend gel\u00f6scht.<\/p>\n<p>Der Nutzer hat das Recht, seine Einwilligung jederzeit zu widerrufen (per E-Mail auf praxis@handchirurgiemain.ch). Durch den Widerruf der Einwilligung wird die Rechtm\u00e4ssigkeit der aufgrund der Einwilligung bis zum Widerruf erfolgten Verarbeitung nicht ber\u00fchrt.<\/p>\n<h2>Umfang und Zweck der Erhebung, Verarbeitung und Nutzung personenbezogener Daten<\/h2>\n<p><strong>Beim Besuch von www.hand-chirurgie-main.ch<\/strong><\/p>\n<p>Beim Besuch von www.hand-chirurgie-main.ch speichern unsere Server tempor\u00e4r jeden Zugriff in einer Protokolldatei. Folgende Daten werden dabei ohne Ihr Zutun erfasst und bis zur automatisierten L\u00f6schung nach sp\u00e4testens zw\u00f6lf Monaten von uns gespeichert:<\/p>\n<p>Die Erhebung und Verarbeitung dieser Daten erfolgt zu dem Zweck, die Nutzung unserer Website zu erm\u00f6glichen (Verbindungsaufbau), die Systemsicherheit und -stabilit\u00e4t zu gew\u00e4hrleisten und die Optimierung unseres Internetangebots zu erm\u00f6glichen sowie zu internen statistischen Zwecken. Die IP-Adresse wird insbesondere dazu verwendet, um das Aufenthaltsland des Website-Besuchers zu erfassen und eine darauf abgestimmte Voreinstellung der Sprache der Website vorzunehmen. Ferner wird die IP-Adresse bei Angriffen auf die Netzinfrastruktur von www.hand-chirurgie-main.ch und zu statistischen Zwecken ausgewertet.<\/p>\n<p>Dar\u00fcber hinaus verwenden wir beim Besuch unserer Website sogenannte Pixel und Cookies zur Anzeige von personalisierter Werbung sowie zur Nutzung von Webanalyse-Diensten.<\/p>\n<ul>\n<li>die IP-Adresse des anfragenden Rechners,<\/li>\n<li>das Datum und die Uhrzeit des Zugriffs,<\/li>\n<li>der Name und die URL der abgerufenen Datei,<\/li>\n<li>die Website, von der aus der Zugriff erfolgte,<\/li>\n<li>das Betriebssystem Ihres Rechners und der von Ihnen verwendete Browser,<\/li>\n<li>das Land von welchem sie zugegriffen haben und die Spracheinstellungen bei Ihrem Browser,<\/li>\n<li>der Name Ihres Internet-Access-Providers.<\/li>\n<\/ul>\n<p><strong>Bei der Nutzung der Formulare<\/strong><br \/>\nSie haben die M\u00f6glichkeit, ein Kontaktformular zu verwenden, um mit uns in Kontakt zu treten. Die Eingabe folgender personenbezogenen Daten ist zwingend:<\/p>\n<p>Wenn diese Informationen nicht zur Verf\u00fcgung gestellt werden, kann dies die Erbringung unserer Dienstleistungen behindern. Die Angabe anderer Informationen ist optional und hat keinen Einfluss auf Nutzung unserer Website.<\/p>\n<p>Wir verwenden diese Daten nur, um Ihre Kontaktanfrage bestm\u00f6glich und personalisiert beantworten zu k\u00f6nnen. Sie k\u00f6nnen dieser Datenverarbeitung jederzeit widersprechen und verlangen, dass wir Ihre Daten l\u00f6schen (per E-Mail auf praxis@handchirurgiemain.ch).<\/p>\n<ul>\n<li>Vorname<\/li>\n<li>Nachname<\/li>\n<li>E-Mail-Adresse<\/li>\n<li>Telefon<\/li>\n<li>Adresse<\/li>\n<li>Ort<\/li>\n<li>PLZ<\/li>\n<\/ul>\n<h2>Nutzung von Daten zu Werbezwecken<\/h2>\n<p>Wir k\u00f6nnen personenbezogene Daten der Nutzer von www.hand-chirurgie-main.ch verwenden, um unsere Dienstleistungen zu bewerben (Online- und\/oder Printwerbung etc.). Es ist uns erlaubt, zu diesem Zweck personenbezogene Daten an Dritte weiterzugeben. Der Nutzer erkl\u00e4rt sich ausdr\u00fccklich mit dieser Verwendung seiner Daten einverstanden.<\/p>\n<h2>Weitergabe der Daten an Dritte<\/h2>\n<p>Wir geben Ihre personenbezogenen Daten nur weiter, wenn Sie ausdr\u00fccklich eingewilligt haben, hierf\u00fcr eine gesetzliche Verpflichtung besteht oder dies zur Durchsetzung unserer Rechte, insbesondere zur Durchsetzung von Anspr\u00fcchen aus dem Verh\u00e4ltnis zwischen Ihnen und uns, erforderlich ist.<\/p>\n<p>Dar\u00fcber hinaus geben wir Ihre Daten an Dritte weiter, soweit dies im Rahmen der Nutzung der Website f\u00fcr die Bereitstellung der von Ihnen gew\u00fcnschten Dienstleistungen sowie der Analyse Ihres Nutzerverhaltens erforderlich ist. Soweit dies f\u00fcr die in Satz 1 genannten Zwecke erforderlich ist, kann die Weitergabe auch ins Ausland erfolgen. Sofern die Website Links zu Websites Dritter enth\u00e4lt, haben wir nach dem Anklicken dieser Links keinen Einfluss mehr auf die Erhebung, Verarbeitung, Speicherung oder Nutzung personenbezogener Daten durch den Dritten und \u00fcbernimmt daf\u00fcr keine Verantwortung.<\/p>\n<h2>\u00dcbermittlung personenbezogener Daten ins Ausland<\/h2>\n<p>Wir sind berechtigt, Ihre pers\u00f6nlichen Daten auch an dritte Unternehmen (beauftragte Dienstleister) im Ausland zu \u00fcbertragen, sofern dies f\u00fcr die in dieser Datenschutzerkl\u00e4rung beschriebenen Datenbearbeitungen erforderlich ist. Diese sind im gleichen Umfang wie wir selbst zum Datenschutz verpflichtet. Wenn das Datenschutzniveau in einem Land nicht dem schweizerischen bzw. dem europ\u00e4ischen entspricht, stellen wir vertraglich sicher, dass der Schutz Ihrer personenbezogenen Daten demjenigen in der Schweiz bzw. in der EU jederzeit entspricht.<\/p>\n<h2>Datensicherheit<\/h2>\n<p>Wir bedienen uns geeigneter technischer und organisatorischer Sicherheitsmassnahmen, um Ihre bei uns gespeicherten pers\u00f6nlichen Daten gegen Manipulation, teilweisen oder vollst\u00e4ndigen Verlust und gegen unbefugten Zugriff Dritter zu sch\u00fctzen. Unsere Sicherheitsmassnahmen werden entsprechend der technologischen Entwicklung fortlaufend verbessert.<\/p>\n<p>Sie sollten Ihre Zahlungsinformationen stets vertraulich behandeln und das Browserfenster schliessen, wenn Sie die Kommunikation mit uns beendet haben, insbesondere, wenn Sie den Computer gemeinsam mit anderen nutzen.<\/p>\n<p>Auch den unternehmensinternen Datenschutz nehmen wir sehr ernst. Unsere Mitarbeitenden und die von uns beauftragten Dienstleistungsunternehmen sind von uns zur Verschwiegenheit und zur Einhaltung der datenschutzrechtlichen Bestimmungen verpflichtet worden.<\/p>\n<h2>Cookies<\/h2>\n<p>Cookies helfen unter vielen Aspekten, Ihren Besuch auf unserer Website einfacher, angenehmer und sinnvoller zu gestalten. Cookies sind Informationsdateien, die Ihr Webbrowser automatisch auf der Festplatte Ihres Computers speichert, wenn Sie unsere Website besuchen. Cookies besch\u00e4digen weder die Festplatte Ihres Rechners noch werden von diesen Cookies pers\u00f6nliche Daten der Anwender an uns \u00fcbermittelt.<\/p>\n<p>Wir setzen Cookies beispielsweise ein, um die Ihnen angezeigten Informationen, Angebote und Werbung besser auf Ihre individuellen Interessen auszurichten. Die Verwendung f\u00fchrt nicht dazu, dass wir neue personenbezogene Daten \u00fcber Sie als Onlinebesucher erhalten. Die meisten Internet-Browser akzeptieren Cookies automatisch. Sie k\u00f6nnen Ihren Browser jedoch so konfigurieren, dass keine Cookies auf Ihrem Computer gespeichert werden oder stets ein Hinweis erscheint, wenn Sie ein neues Cookie erhalten.<\/p>\n<p>Die Deaktivierung von Cookies kann dazu f\u00fchren, dass Sie nicht alle Funktionen unserer Website nutzen k\u00f6nnen.<\/p>\n<h2>Tracking-Tools<\/h2>\n<p>Auf unserer Website verwenden wir sogenannte Tracking-Tools. Mit diesen Tracking-Tools wird Ihr Surfverhalten auf unserer Website beobachtet. Diese Beobachtung erfolgt zum Zwecke der bedarfsgerechten Gestaltung und fortlaufenden Optimierung unserer Website. In diesem Zusammenhang werden pseudonymisierte Nutzungsprofile erstellt und kleine Textdateien, die auf Ihrem Computer gespeichert sind (\u201eCookies\u201c), verwendet.<\/p>\n<p><strong>Google AdWords Conversion-Tracking<\/strong><br \/>\nWir nutzen das Online-Werbeprogramm \u201eGoogle AdWords\u201c und im Rahmen von Google AdWords das Conversion-Tracking. Das Google Conversion Tracking ist ein Analysedienst der Google Inc. (1600 Amphitheatre Parkway, Mountain View, CA 94043, USA; \u201eGoogle\u201c). Wenn Sie auf eine von Google geschaltete Anzeige klicken, wird ein Cookie f\u00fcr das Conversion-Tracking auf Ihrem Rechner abgelegt. Diese Cookies verlieren nach 30 Tagen ihre G\u00fcltigkeit, enthalten keine personenbezogenen Daten und dienen somit nicht der pers\u00f6nlichen Identifizierung. Wenn Sie bestimmte Internetseiten unserer Website besuchen und das Cookie noch nicht abgelaufen ist, k\u00f6nnen Google und wir erkennen, dass Sie auf die Anzeige geklickt haben und zu dieser Seite weitergeleitet wurden. Jeder Google AdWords-Kunde erh\u00e4lt ein anderes Cookie. Somit besteht keine M\u00f6glichkeit, dass Cookies \u00fcber die Websites von AdWords-Kunden nachverfolgt werden k\u00f6nnen.<\/p>\n<p>Die Informationen, die mithilfe des Conversion-Cookie eingeholten werden, dienen dazu, Conversion-Statistiken f\u00fcr AdWords-Kunden zu erstellen, die sich f\u00fcr Conversion-Tracking entschieden haben. Hierbei erfahren die Kunden die Gesamtanzahl der Nutzer, die auf ihre Anzeige geklickt haben und zu einer mit einem Conversion-Tracking-Tag versehenen Seite weitergeleitet wurden. Sie erhalten jedoch keine Informationen, mit denen sich Nutzer pers\u00f6nlich identifizieren lassen.<\/p>\n<p>Wenn Sie nicht am Tracking teilnehmen m\u00f6chten, k\u00f6nnen Sie dieser Nutzung widersprechen, indem Sie die Installation der Cookies durch eine entsprechende Einstellung Ihrer Browser Software verhindern (Deaktivierungsm\u00f6glichkeit). Sie werden sodann nicht in die Conversion-Tracking Statistiken aufgenommen. Weiterf\u00fchrende Informationen sowie die Datenschutzerkl\u00e4rung von Google finden Sie unter: http:\/\/www.google.com\/policies\/technologies\/ads\/ und http:\/\/www.google.de\/policies\/privacy\/<\/p>\n<p><strong>Google Analytics Tracking<\/strong><br \/>\nDiese Website benutzt Google Analytics, einen Webanalysedienst der Google Inc. (\u201cGoogle\u201d). Google Analytics verwendet sog. \u201cCookies\u201d, Textdateien, die auf Ihrem Computer gespeichert werden und die eine Analyse der Benutzung der Website durch Sie erm\u00f6glichen. Die durch den Cookie erzeugten Informationen \u00fcber Ihre Benutzung dieser Website werden in der Regel an einen Server von Google in den USA \u00fcbertragen und dort gespeichert. Im Falle der Aktivierung der IP-Anonymisierung auf dieser Webseite wird Ihre IP-Adresse von Google jedoch innerhalb von Mitgliedstaaten der Europ\u00e4ischen Union oder in anderen Vertragsstaaten des Abkommens \u00fcber den Europ\u00e4ischen Wirtschaftsraum zuvor gek\u00fcrzt.<br \/>\nNur in Ausnahmef\u00e4llen wird die volle IP-Adresse an einen Server von Google in den USA \u00fcbertragen und dort gek\u00fcrzt. Google wird diese Informationen benutzen, um Ihre Nutzung der Website auszuwerten, um Reports \u00fcber die Websiteaktivit\u00e4ten f\u00fcr die Websitebetreiber zusammenzustellen und um weitere mit der Websitenutzung und der Internetnutzung verbundene Dienstleistungen zu erbringen. Auch wird Google diese Informationen gegebenenfalls an Dritte \u00fcbertragen, sofern dies gesetzlich vorgeschrieben oder soweit Dritte diese Daten im Auftrag von Google verarbeiten. Die im Rahmen von Google Analytics von Ihrem Browser \u00fcbermittelte IP-Adresse wird nicht mit anderen Daten von Google zusammengef\u00fchrt.<\/p>\n<p>Sie k\u00f6nnen die Installation der Cookies durch eine entsprechende Einstellung Ihrer Browser Software verhindern; wir weisen Sie jedoch darauf hin, dass Sie in diesem Fall gegebenenfalls nicht s\u00e4mtliche Funktionen dieser Website voll umf\u00e4nglich nutzen k\u00f6nnen. Durch die Nutzung dieser Website erkl\u00e4ren Sie sich mit der Bearbeitung der \u00fcber Sie erhobenen Daten durch Google in der zuvor beschriebenen Art und Weise und zu dem zuvor benannten Zweck einverstanden.<\/p>\n<h2>Recht auf Auskunft, Berichtigung, L\u00f6schung und Einschr\u00e4nkung der Verarbeitung; Recht auf Daten\u00fcbertragbarkeit<\/h2>\n<p>Sie haben das Recht, \u00fcber die personenbezogenen Daten, die von uns \u00fcber Sie gespeichert werden, auf Antrag unentgeltlich Auskunft zu erhalten. Zus\u00e4tzlich haben Sie das Recht auf Berichtigung unrichtiger Daten und das Recht auf L\u00f6schung Ihrer personenbezogenen Daten, soweit dem keine gesetzliche Aufbewahrungspflicht oder ein Erlaubnistatbestand, der uns die Verarbeitung der Daten gestattet, entgegensteht. Sie haben gem\u00e4ss den Artikeln 18 und 21 DSGVO zudem das Recht, eine Einschr\u00e4nkung der Datenverarbeitung zu verlangen sowie der Datenverarbeitung zu widersprechen.<\/p>\n<p>Sie haben zudem das Recht, diejenigen Daten, die Sie uns \u00fcbergeben haben, wieder von uns herauszuverlangen. Auf Anfrage geben wir die Daten auch an einen Dritten Ihrer Wahl weiter. Sie haben das Recht, die Daten in einem g\u00e4ngigen Dateiformat zu erhalten.<\/p>\n<p>Sie k\u00f6nnen uns f\u00fcr die vorgenannten Zwecke \u00fcber die E-Mail-Adresse praxis@handchirurgiemain.ch<\/p>\n<p>erreichen. F\u00fcr die Bearbeitung Ihrer Gesuche k\u00f6nnen wir, nach eigenem Ermessen, einen Identit\u00e4tsnachweis verlangen.<\/p>\n<p>Sie k\u00f6nnen uns auch mitteilen, was mit Ihren Daten nach Ihrem Tod geschehen soll, indem Sie uns entsprechende Anweisungen geben.<\/p>\n<h2>Hinweis zu Daten\u00fcbermittlungen in die USA<\/h2>\n<p>Aus Gr\u00fcnden der Vollst\u00e4ndigkeit weisen wir f\u00fcr Nutzer mit Wohnsitz oder Sitz in der Schweiz darauf hin, dass in den USA \u00dcberwachungsmassnahmen von US-Beh\u00f6rden bestehen, die generell die Speicherung aller personenbezogenen Daten s\u00e4mtlicher Personen, deren Daten aus der Schweiz in die USA \u00fcbermittelt wurden, erm\u00f6glicht. Dies geschieht ohne Differenzierung, Einschr\u00e4nkung oder Ausnahme anhand des verfolgten Ziels und ohne ein objektives Kriterium, das es erm\u00f6glicht, den Zugang der US-Beh\u00f6rden zu den Daten und deren sp\u00e4tere Nutzung auf ganz bestimmte, strikt begrenzte Zwecke zu beschr\u00e4nken, die den sowohl mit dem Zugang zu diesen Daten als auch mit deren Nutzung verbundenen Eingriff zu rechtfertigen verm\u00f6gen. Ausserdem weisen wir darauf hin, dass in den USA f\u00fcr die betroffenen Personen aus der Schweiz keine Rechtsbehelfe vorliegen, die es ihnen erlauben, Zugang zu den sie betreffenden Daten zu erhalten und deren Berichtigung oder L\u00f6schung zu erwirken, bzw. kein wirksamer gerichtlicher Rechtsschutz gegen generelle Zugriffsrechte von US-Beh\u00f6rden vorliegt. Wir weisen den Betroffenen explizit auf diese Rechts- und Sachlage hin, um eine entsprechend informierte Entscheidung zur Einwilligung in die Verwendung seiner Daten zu treffen.<\/p>\n<p>Nutzer mit Wohnsitz in einem Mitgliedstaat der EU weisen wir darauf hin, dass die USA aus Sicht der Europ\u00e4ischen Union nicht \u00fcber ein ausreichendes Datenschutzniveau verf\u00fcgt.<\/p>\n<h2>Aufbewahrung von Daten<\/h2>\n<p>Wir speichern personenbezogene Daten nur so lange, wie es erforderlich ist, um die oben genannten Tracking-, Werbe- und Analysedienste im Rahmen unseres berechtigten Interesses zu verwenden, um in dem oben genannten Umfang Dienstleistungen auszuf\u00fchren, die Sie gew\u00fcnscht oder zu denen Sie Ihre Einwilligung erteilt haben sowie um unseren gesetzlichen Verpflichtungen nachzukommen.<\/p>\n<p>Vertragsdaten werden von uns l\u00e4nger aufbewahrt, da dies durch gesetzliche Aufbewahrungspflichten vorgeschrieben ist. Aufbewahrungspflichten, die uns zur Aufbewahrung von Daten verpflichten, ergeben sich aus Vorschriften der Rechnungslegung und aus steuerrechtlichen Vorschriften. Gem\u00e4ss diesen Vorschriften sind gesch\u00e4ftliche Kommunikation, geschlossene Vertr\u00e4ge und Buchungsbelege bis zu 10 Jahren bzw. in Bezug auf Nutzer mit Wohnsitz in Frankreich bis zu 5 Jahren aufzubewahren. Soweit wir diese Daten nicht mehr zur Durchf\u00fchrung der Dienstleistungen f\u00fcr Sie ben\u00f6tigen, werden die Daten gesperrt. Dies bedeutet, dass die Daten dann nur noch f\u00fcr Zwecke der Rechnungslegung und f\u00fcr Steuerzwecke verwendet werden d\u00fcrfen.<\/p>\n<h2>Recht auf Beschwerde bei einer Datenschutzaufsichtsbeh\u00f6rde<\/h2>\n<p>Falls Sie Wohnsitz in einem EU Staat haben, steht Ihnen das Recht zu, sich jederzeit bei einer Datenschutzaufsichtsbeh\u00f6rde zu beschweren.<\/p>\n<\/div><\/div><\/div><\/div><\/div><\/div><\/section>\n","protected":false},"excerpt":{"rendered":"Datenschutz Hand Chirurgie de la Main ist Betreiberin der Website www.hand-chirurgie-main.ch und somit verantwortlich f\u00fcr die Erhebung, Verarbeitung und Nutzung Ihrer pers\u00f6nlichen Daten und die Vereinbarkeit der Datenbearbeitung mit dem geltenden Recht. Ihr Vertrauen ist uns wichtig. Wir nehmen das Thema Datenschutz ernst und achten auf entsprechende Sicherheit. Selbstverst\u00e4ndlich beachten wir die gesetzlichen Bestimmungen des...","protected":false},"author":1,"featured_media":0,"parent":0,"menu_order":0,"comment_status":"closed","ping_status":"closed","template":"","meta":{"footnotes":""},"class_list":["post-480","page","type-page","status-publish","hentry"],"_links":{"self":[{"href":"https:\/\/handchirurgiemain.ch\/fr\/wp-json\/wp\/v2\/pages\/480","targetHints":{"allow":["GET"]}}],"collection":[{"href":"https:\/\/handchirurgiemain.ch\/fr\/wp-json\/wp\/v2\/pages"}],"about":[{"href":"https:\/\/handchirurgiemain.ch\/fr\/wp-json\/wp\/v2\/types\/page"}],"author":[{"embeddable":true,"href":"https:\/\/handchirurgiemain.ch\/fr\/wp-json\/wp\/v2\/users\/1"}],"replies":[{"embeddable":true,"href":"https:\/\/handchirurgiemain.ch\/fr\/wp-json\/wp\/v2\/comments?post=480"}],"version-history":[{"count":2,"href":"https:\/\/handchirurgiemain.ch\/fr\/wp-json\/wp\/v2\/pages\/480\/revisions"}],"predecessor-version":[{"id":564,"href":"https:\/\/handchirurgiemain.ch\/fr\/wp-json\/wp\/v2\/pages\/480\/revisions\/564"}],"wp:attachment":[{"href":"https:\/\/handchirurgiemain.ch\/fr\/wp-json\/wp\/v2\/media?parent=480"}],"curies":[{"name":"wp","href":"https:\/\/api.w.org\/{rel}","templated":true}]}}